{"id":3488,"date":"2025-07-29T12:01:34","date_gmt":"2025-07-29T12:01:34","guid":{"rendered":"https:\/\/paulwestern.com.br\/?page_id=3488"},"modified":"2025-08-01T20:02:03","modified_gmt":"2025-08-01T20:02:03","slug":"bio","status":"publish","type":"page","link":"https:\/\/paulwestern.com.br\/","title":{"rendered":"bio"},"content":{"rendered":"\t\t<div data-elementor-type=\"wp-page\" data-elementor-id=\"3488\" class=\"elementor elementor-3488\" data-elementor-post-type=\"page\">\n\t\t\t\t<div class=\"elementor-element elementor-element-a5c9bab e-con-full e-flex e-con e-parent\" data-id=\"a5c9bab\" data-element_type=\"container\">\n\t\t<div class=\"elementor-element elementor-element-5b596e5 e-con-full e-flex e-con e-child\" data-id=\"5b596e5\" data-element_type=\"container\">\n\t\t\t\t<div class=\"elementor-element elementor-element-93a3cad elementor-widget elementor-widget-link-in-bio-var-2\" data-id=\"93a3cad\" data-element_type=\"widget\" data-widget_type=\"link-in-bio-var-2.default\">\n\t\t\t\t<div class=\"elementor-widget-container\">\n\t\t\t\t\t\t\t<div class=\"e-link-in-bio e-link-in-bio-var-2 is-full-width is-full-height is-full-height-desktop is-full-height-tablet is-full-height-mobile\">\n\t\t\t<div class=\"e-link-in-bio__content\">\n\n\t\t\t\t\t\t<div class=\"e-link-in-bio__identity\">\n\t\t\t\t\t\t\t\t\t<div class=\"e-link-in-bio__identity-image e-link-in-bio__identity-image-cover\">\n\t\t\t\t\t\t\t<img fetchpriority=\"high\" decoding=\"async\" width=\"300\" height=\"219\" src=\"https:\/\/paulwestern.com.br\/wp-content\/uploads\/2022\/11\/2018-11-19-300x219.jpg\" class=\"e-link-in-bio__identity-image-element\" alt=\"\" srcset=\"https:\/\/paulwestern.com.br\/wp-content\/uploads\/2022\/11\/2018-11-19-300x219.jpg 300w, https:\/\/paulwestern.com.br\/wp-content\/uploads\/2022\/11\/2018-11-19-600x438.jpg 600w, https:\/\/paulwestern.com.br\/wp-content\/uploads\/2022\/11\/2018-11-19.jpg 680w\" sizes=\"(max-width: 300px) 100vw, 300px\" \/>\t\t\t\t\t\t\t\t\t\t\t\t\t<\/div>\n\t\t\t\t\t\t\t\t\t\t\t<div class=\"e-link-in-bio__identity-image e-link-in-bio__identity-image-profile has-style-circle\">\n\t\t\t\t\t\t\t<img decoding=\"async\" width=\"300\" height=\"300\" src=\"https:\/\/paulwestern.com.br\/wp-content\/uploads\/2025\/07\/perfil-paul-300x300.png\" class=\"e-link-in-bio__identity-image-element\" alt=\"\" srcset=\"https:\/\/paulwestern.com.br\/wp-content\/uploads\/2025\/07\/perfil-paul-300x300.png 300w, https:\/\/paulwestern.com.br\/wp-content\/uploads\/2025\/07\/perfil-paul-1024x1024.png 1024w, https:\/\/paulwestern.com.br\/wp-content\/uploads\/2025\/07\/perfil-paul-150x150.png 150w, https:\/\/paulwestern.com.br\/wp-content\/uploads\/2025\/07\/perfil-paul-768x768.png 768w, https:\/\/paulwestern.com.br\/wp-content\/uploads\/2025\/07\/perfil-paul.png 1080w\" sizes=\"(max-width: 300px) 100vw, 300px\" \/>\t\t\t\t\t\t\t\t\t\t\t\t\t<\/div>\n\t\t\t\t\t\t\t<\/div>\n\t\t\t\t\t<div class=\"e-link-in-bio__bio\">\n\t\t\t\t<h2 class=\"e-link-in-bio__heading\">Paul Western<\/h2>\t\t\t\t<h3 class=\"e-link-in-bio__title\">Tradi\u00e7\u00e3o e qualidade para quem vive o estilo country<\/h3>\t\t\t\t\t\t\t\t\t\t\t<\/div>\n\t\t\t\n\t\t<div class=\"e-link-in-bio__ctas has-type-button\">\n\t\t\t\t\t\t\t<a href=\"https:\/\/paulwestern.com.br\/wp-content\/uploads\/2025\/07\/CATALOGO-JOIAS-01-08-2025-VISUALIZACAO.pdf\" target=\"_blank\" rel=\"noopener \" class=\"e-link-in-bio__cta is-type-button has-corners-sharp\">\n\t\t\t\t\t\t\t\t\t\t<span class=\"e-link-in-bio__cta-text\">\n\t\t\t\t\t\tCat\u00e1logo de Joias\t\t\t\t\t<\/span>\n\t\t\t\t<\/a>\n\t\t\t\t\t\t\t<a href=\"https:\/\/paulwestern.com.br\/wp-content\/uploads\/2025\/07\/CATALOGO-01-08-2025-VISUALIZACAO.pdf\" target=\"_blank\" rel=\"noopener \" class=\"e-link-in-bio__cta is-type-button has-corners-sharp\">\n\t\t\t\t\t\t\t\t\t\t<span class=\"e-link-in-bio__cta-text\">\n\t\t\t\t\t\tCat\u00e1logo de Produtos\t\t\t\t\t<\/span>\n\t\t\t\t<\/a>\n\t\t\t\t\t\t\t<a class=\"e-link-in-bio__cta is-type-button has-corners-sharp\" href=\"https:\/\/wa.me\/18981365497\">\n\t\t\t\t\t\t\t\t\t\t<span class=\"e-link-in-bio__cta-text\">\n\t\t\t\t\t\t Representante Agenor Almeida (MG) Regi\u00f5es: Noroeste de MG Central Mineira Oeste de Minas Sul e Sudoeste\u00a0de\u00a0Minas\t\t\t\t\t<\/span>\n\t\t\t\t<\/a>\n\t\t\t\t\t\t\t<a class=\"e-link-in-bio__cta is-type-button has-corners-sharp\" href=\"https:\/\/wa.me\/28998838076\">\n\t\t\t\t\t\t\t\t\t\t<span class=\"e-link-in-bio__cta-text\">\n\t\t\t\t\t\t Representante Alen Barone (RJ) (ES) (Leste\u00a0de\u00a0MG)\t\t\t\t\t<\/span>\n\t\t\t\t<\/a>\n\t\t\t\t\t\t\t<a class=\"e-link-in-bio__cta is-type-button has-corners-sharp\" href=\"https:\/\/wa.me\/17981282827\">\n\t\t\t\t\t\t\t\t\t\t<span class=\"e-link-in-bio__cta-text\">\n\t\t\t\t\t\t Representante Anderson Fernandes (SP) Norte\u00a0e\u00a0Oeste\t\t\t\t\t<\/span>\n\t\t\t\t<\/a>\n\t\t\t\t\t\t\t<a class=\"e-link-in-bio__cta is-type-button has-corners-sharp\" href=\"https:\/\/wa.me\/41999854619\">\n\t\t\t\t\t\t\t\t\t\t<span class=\"e-link-in-bio__cta-text\">\n\t\t\t\t\t\t Representante Cleber Jackson (PR)\u00a0(SC)\t\t\t\t\t<\/span>\n\t\t\t\t<\/a>\n\t\t\t\t\t\t\t<a class=\"e-link-in-bio__cta is-type-button has-corners-sharp\" href=\"https:\/\/wa.me\/65999745998\">\n\t\t\t\t\t\t\t\t\t\t<span class=\"e-link-in-bio__cta-text\">\n\t\t\t\t\t\t Representante Francisco Augusto  (MT)\u00a0(RO)\u00a0(AC)\t\t\t\t\t<\/span>\n\t\t\t\t<\/a>\n\t\t\t\t\t\t\t<a class=\"e-link-in-bio__cta is-type-button has-corners-sharp\" href=\"https:\/\/wa.me\/67999517639\">\n\t\t\t\t\t\t\t\t\t\t<span class=\"e-link-in-bio__cta-text\">\n\t\t\t\t\t\t Representante Jhon (MS)\t\t\t\t\t<\/span>\n\t\t\t\t<\/a>\n\t\t\t\t\t\t\t<a class=\"e-link-in-bio__cta is-type-button has-corners-sharp\" href=\"https:\/\/wa.me\/65999874270\">\n\t\t\t\t\t\t\t\t\t\t<span class=\"e-link-in-bio__cta-text\">\n\t\t\t\t\t\t Representante Ulisses Marcelo (PA) (TO)\u00a0(MA)\t\t\t\t\t<\/span>\n\t\t\t\t<\/a>\n\t\t\t\t\t\t\t<a class=\"e-link-in-bio__cta is-type-button has-corners-sharp\" href=\"https:\/\/wa.me\/18981447479\">\n\t\t\t\t\t\t\t\t\t\t<span class=\"e-link-in-bio__cta-text\">\n\t\t\t\t\t\t Representante Valmir dos Santos (GO)\u00a0(DF)\t\t\t\t\t<\/span>\n\t\t\t\t<\/a>\n\t\t\t\t\t\t\t<a class=\"e-link-in-bio__cta is-type-button has-corners-sharp\" href=\"https:\/\/wa.me\/14997387426\">\n\t\t\t\t\t\t\t\t\t\t<span class=\"e-link-in-bio__cta-text\">\n\t\t\t\t\t\t Representante Wagner Lu\u00eds e Marcelo (SP) Vale do Para\u00edba, Sul, Regi\u00e3o Paranapanema, S\u00e3o Paulo e Grande S\u00e3o Paulo, Regi\u00e3o\u00a0Mogiana\u00a0DDD\u00a019\t\t\t\t\t<\/span>\n\t\t\t\t<\/a>\n\t\t\t\t\t<\/div>\n\t\t\t\t<div class=\"e-link-in-bio__icons has-size-small\">\n\t\t\t\t\t\t\t<div class=\"e-link-in-bio__icon is-size-small\">\n\t\t\t\t\t<a aria-label=\"Email\" class=\"e-link-in-bio__icon-link\" href=\"\">\n\t\t\t\t\t\t<span class=\"e-link-in-bio__icon-svg\">\n\t\t\t\t\t\t\t<i aria-hidden=\"true\" class=\"fas fa-envelope\"><\/i>\t\t\t\t\t\t<\/span>\n\t\t\t\t\t\t\t\t\t\t\t<\/a>\n\t\t\t\t<\/div>\n\t\t\t\t\t<\/div>\n\t\t\n\t\t\t<\/div>\n\t\t\t<div class=\"e-link-in-bio__bg\">\n\t\t\t\t<div class=\"e-link-in-bio__bg-overlay\"><\/div>\n\t\t\t<\/div>\n\t\t<\/div>\n\t\t\t\t\t\t<\/div>\n\t\t\t\t<\/div>\n\t\t\t\t<\/div>\n\t\t\t\t<\/div>\n\t\t\t\t<\/div>\n\t\t","protected":false},"excerpt":{"rendered":"<p>Paul Western Tradi\u00e7\u00e3o e qualidade para quem vive o estilo country Cat\u00e1logo de Joias Cat\u00e1logo de Produtos Representante Agenor Almeida (MG) Regi\u00f5es: Noroeste de MG Central Mineira Oeste de Minas Sul e Sudoeste\u00a0de\u00a0Minas Representante Alen Barone (RJ) (ES) (Leste\u00a0de\u00a0MG) Representante Anderson Fernandes (SP) Norte\u00a0e\u00a0Oeste Representante Cleber Jackson (PR)\u00a0(SC) Representante Francisco Augusto (MT)\u00a0(RO)\u00a0(AC) Representante Jhon (MS) [&hellip;]<\/p>\n","protected":false},"author":1,"featured_media":0,"parent":0,"menu_order":0,"comment_status":"closed","ping_status":"closed","template":"elementor_canvas","meta":{"footnotes":""},"class_list":["post-3488","page","type-page","status-publish","hentry"],"yoast_head":"<!-- This site is optimized with the Yoast SEO plugin v25.6 - https:\/\/yoast.com\/wordpress\/plugins\/seo\/ -->\n<title>bio - Paul Western<\/title>\n<meta name=\"robots\" content=\"index, follow, max-snippet:-1, max-image-preview:large, max-video-preview:-1\" \/>\n<link rel=\"canonical\" href=\"https:\/\/paulwestern.com.br\/\" \/>\n<meta property=\"og:locale\" content=\"pt_BR\" \/>\n<meta property=\"og:type\" content=\"article\" \/>\n<meta property=\"og:title\" content=\"bio - Paul Western\" \/>\n<meta property=\"og:description\" content=\"Paul Western Tradi\u00e7\u00e3o e qualidade para quem vive o estilo country Cat\u00e1logo de Joias Cat\u00e1logo de Produtos Representante Agenor Almeida (MG) Regi\u00f5es: Noroeste de MG Central Mineira Oeste de Minas Sul e Sudoeste\u00a0de\u00a0Minas Representante Alen Barone (RJ) (ES) (Leste\u00a0de\u00a0MG) Representante Anderson Fernandes (SP) Norte\u00a0e\u00a0Oeste Representante Cleber Jackson (PR)\u00a0(SC) Representante Francisco Augusto (MT)\u00a0(RO)\u00a0(AC) Representante Jhon (MS) [&hellip;]\" \/>\n<meta property=\"og:url\" content=\"https:\/\/paulwestern.com.br\/\" \/>\n<meta property=\"og:site_name\" content=\"Paul Western\" \/>\n<meta property=\"article:modified_time\" content=\"2025-08-01T20:02:03+00:00\" \/>\n<meta property=\"og:image\" content=\"https:\/\/paulwestern.com.br\/wp-content\/uploads\/2022\/11\/2018-11-19-300x219.jpg\" \/>\n<meta name=\"twitter:card\" content=\"summary_large_image\" \/>\n<meta name=\"twitter:label1\" content=\"Est. tempo de leitura\" \/>\n\t<meta name=\"twitter:data1\" content=\"1 minuto\" \/>\n<script type=\"application\/ld+json\" class=\"yoast-schema-graph\">{\"@context\":\"https:\/\/schema.org\",\"@graph\":[{\"@type\":\"WebPage\",\"@id\":\"https:\/\/paulwestern.com.br\/\",\"url\":\"https:\/\/paulwestern.com.br\/\",\"name\":\"bio - Paul Western\",\"isPartOf\":{\"@id\":\"https:\/\/paulwestern.com.br\/#website\"},\"primaryImageOfPage\":{\"@id\":\"https:\/\/paulwestern.com.br\/#primaryimage\"},\"image\":{\"@id\":\"https:\/\/paulwestern.com.br\/#primaryimage\"},\"thumbnailUrl\":\"https:\/\/paulwestern.com.br\/wp-content\/uploads\/2022\/11\/2018-11-19-300x219.jpg\",\"datePublished\":\"2025-07-29T12:01:34+00:00\",\"dateModified\":\"2025-08-01T20:02:03+00:00\",\"breadcrumb\":{\"@id\":\"https:\/\/paulwestern.com.br\/#breadcrumb\"},\"inLanguage\":\"pt-BR\",\"potentialAction\":[{\"@type\":\"ReadAction\",\"target\":[\"https:\/\/paulwestern.com.br\/\"]}]},{\"@type\":\"ImageObject\",\"inLanguage\":\"pt-BR\",\"@id\":\"https:\/\/paulwestern.com.br\/#primaryimage\",\"url\":\"https:\/\/paulwestern.com.br\/wp-content\/uploads\/2022\/11\/2018-11-19.jpg\",\"contentUrl\":\"https:\/\/paulwestern.com.br\/wp-content\/uploads\/2022\/11\/2018-11-19.jpg\",\"width\":680,\"height\":496},{\"@type\":\"BreadcrumbList\",\"@id\":\"https:\/\/paulwestern.com.br\/#breadcrumb\",\"itemListElement\":[{\"@type\":\"ListItem\",\"position\":1,\"name\":\"In\u00edcio\",\"item\":\"https:\/\/paulwestern.com.br\/\"},{\"@type\":\"ListItem\",\"position\":2,\"name\":\"bio\"}]},{\"@type\":\"WebSite\",\"@id\":\"https:\/\/paulwestern.com.br\/#website\",\"url\":\"https:\/\/paulwestern.com.br\/\",\"name\":\"Paul Western\",\"description\":\"Bruto &amp; R\u00fastico\",\"potentialAction\":[{\"@type\":\"SearchAction\",\"target\":{\"@type\":\"EntryPoint\",\"urlTemplate\":\"https:\/\/paulwestern.com.br\/?s={search_term_string}\"},\"query-input\":{\"@type\":\"PropertyValueSpecification\",\"valueRequired\":true,\"valueName\":\"search_term_string\"}}],\"inLanguage\":\"pt-BR\"}]}<\/script>\n<!-- \/ Yoast SEO plugin. -->","yoast_head_json":{"title":"bio - Paul Western","robots":{"index":"index","follow":"follow","max-snippet":"max-snippet:-1","max-image-preview":"max-image-preview:large","max-video-preview":"max-video-preview:-1"},"canonical":"https:\/\/paulwestern.com.br\/","og_locale":"pt_BR","og_type":"article","og_title":"bio - Paul Western","og_description":"Paul Western Tradi\u00e7\u00e3o e qualidade para quem vive o estilo country Cat\u00e1logo de Joias Cat\u00e1logo de Produtos Representante Agenor Almeida (MG) Regi\u00f5es: Noroeste de MG Central Mineira Oeste de Minas Sul e Sudoeste\u00a0de\u00a0Minas Representante Alen Barone (RJ) (ES) (Leste\u00a0de\u00a0MG) Representante Anderson Fernandes (SP) Norte\u00a0e\u00a0Oeste Representante Cleber Jackson (PR)\u00a0(SC) Representante Francisco Augusto (MT)\u00a0(RO)\u00a0(AC) Representante Jhon (MS) [&hellip;]","og_url":"https:\/\/paulwestern.com.br\/","og_site_name":"Paul Western","article_modified_time":"2025-08-01T20:02:03+00:00","og_image":[{"url":"https:\/\/paulwestern.com.br\/wp-content\/uploads\/2022\/11\/2018-11-19-300x219.jpg","type":"","width":"","height":""}],"twitter_card":"summary_large_image","twitter_misc":{"Est. tempo de leitura":"1 minuto"},"schema":{"@context":"https:\/\/schema.org","@graph":[{"@type":"WebPage","@id":"https:\/\/paulwestern.com.br\/","url":"https:\/\/paulwestern.com.br\/","name":"bio - Paul Western","isPartOf":{"@id":"https:\/\/paulwestern.com.br\/#website"},"primaryImageOfPage":{"@id":"https:\/\/paulwestern.com.br\/#primaryimage"},"image":{"@id":"https:\/\/paulwestern.com.br\/#primaryimage"},"thumbnailUrl":"https:\/\/paulwestern.com.br\/wp-content\/uploads\/2022\/11\/2018-11-19-300x219.jpg","datePublished":"2025-07-29T12:01:34+00:00","dateModified":"2025-08-01T20:02:03+00:00","breadcrumb":{"@id":"https:\/\/paulwestern.com.br\/#breadcrumb"},"inLanguage":"pt-BR","potentialAction":[{"@type":"ReadAction","target":["https:\/\/paulwestern.com.br\/"]}]},{"@type":"ImageObject","inLanguage":"pt-BR","@id":"https:\/\/paulwestern.com.br\/#primaryimage","url":"https:\/\/paulwestern.com.br\/wp-content\/uploads\/2022\/11\/2018-11-19.jpg","contentUrl":"https:\/\/paulwestern.com.br\/wp-content\/uploads\/2022\/11\/2018-11-19.jpg","width":680,"height":496},{"@type":"BreadcrumbList","@id":"https:\/\/paulwestern.com.br\/#breadcrumb","itemListElement":[{"@type":"ListItem","position":1,"name":"In\u00edcio","item":"https:\/\/paulwestern.com.br\/"},{"@type":"ListItem","position":2,"name":"bio"}]},{"@type":"WebSite","@id":"https:\/\/paulwestern.com.br\/#website","url":"https:\/\/paulwestern.com.br\/","name":"Paul Western","description":"Bruto &amp; R\u00fastico","potentialAction":[{"@type":"SearchAction","target":{"@type":"EntryPoint","urlTemplate":"https:\/\/paulwestern.com.br\/?s={search_term_string}"},"query-input":{"@type":"PropertyValueSpecification","valueRequired":true,"valueName":"search_term_string"}}],"inLanguage":"pt-BR"}]}},"_links":{"self":[{"href":"https:\/\/paulwestern.com.br\/index.php?rest_route=\/wp\/v2\/pages\/3488","targetHints":{"allow":["GET"]}}],"collection":[{"href":"https:\/\/paulwestern.com.br\/index.php?rest_route=\/wp\/v2\/pages"}],"about":[{"href":"https:\/\/paulwestern.com.br\/index.php?rest_route=\/wp\/v2\/types\/page"}],"author":[{"embeddable":true,"href":"https:\/\/paulwestern.com.br\/index.php?rest_route=\/wp\/v2\/users\/1"}],"replies":[{"embeddable":true,"href":"https:\/\/paulwestern.com.br\/index.php?rest_route=%2Fwp%2Fv2%2Fcomments&post=3488"}],"version-history":[{"count":43,"href":"https:\/\/paulwestern.com.br\/index.php?rest_route=\/wp\/v2\/pages\/3488\/revisions"}],"predecessor-version":[{"id":3542,"href":"https:\/\/paulwestern.com.br\/index.php?rest_route=\/wp\/v2\/pages\/3488\/revisions\/3542"}],"wp:attachment":[{"href":"https:\/\/paulwestern.com.br\/index.php?rest_route=%2Fwp%2Fv2%2Fmedia&parent=3488"}],"curies":[{"name":"wp","href":"https:\/\/api.w.org\/{rel}","templated":true}]}}